{"id":3821,"date":"2018-05-31T06:47:22","date_gmt":"2018-05-31T05:47:22","guid":{"rendered":"http:\/\/ecosource-canada.ca\/?post_type=product&#038;p=3821"},"modified":"2018-12-04T20:42:32","modified_gmt":"2018-12-04T19:42:32","slug":"34-m-subfloor-heating-infrared-4pcs","status":"publish","type":"product","link":"https:\/\/ecosource-canada.ca\/en\/product\/34-m-subfloor-heating-infrared-4pcs\/","title":{"rendered":"3 * 4 M Infrared Heated Subfloor 4PCS"},"content":{"rendered":"<h3><strong><a href=\"https:\/\/ecosource-canada.ca\/product\/thermostat-pour-sous-plancher-chauffant-infrarouge\/\">Chauffage<\/a> par le sol infrarouge.<\/strong><\/h3>\n<ul>\n<li>3*4 M sous-plancher par rayonnement est plus sain pour vous et votre famille.<\/li>\n<li>Co\u00fbte de 30 \u00e0 50% moins cher que les m\u00e9thodes de chauffage traditionnelles.<\/li>\n<li>Installation sur le 220 volts pour r\u00e9duire les frais \u00e9lectriques au maximum.<\/li>\n<li>Facile \u00e0 installer.<\/li>\n<li>Sans conduit, sans entretien.<\/li>\n<li>Aucune pi\u00e8ce mobile \u00e0 usiner donc aucun entretien.<\/li>\n<li>Seulement besoin de couvrir 70% de la surface de plancher.<\/li>\n<\/ul>\n<p>Ne gaspille pas l&#8217;\u00e9nergie en chauffant l&#8217;air\u00a0dans une pi\u00e8ce, en cons\u00e9quence chauffe directement les objets &#8211; y compris vous.<\/p>\n<p>Aussi, le film thermique au carbone est une solution de chauffage rentable et de haute qualit\u00e9. Id\u00e9al pour tout endroit. Le courant \u00e9lectrique\u00a0est pass\u00e9 \u00e0 travers des bandes de carbone pour cr\u00e9er naturellement des rayons infrarouges lointains. En cons\u00e9quence, ils distribuent la chaleur en toute s\u00e9curit\u00e9 et uniform\u00e9ment.<\/p>\n<p>Le plancher infrarouge fournit une atmosph\u00e8re\u00a0plus saine, aucune circulation de poussi\u00e8re ou de polluants dans l&#8217;air. Sans aucune pi\u00e8ces mobiles, ce qui en fait une solution de chauffage permanente et sans entretien.<\/p>\n<h4>Ce syst\u00e8me de<a href=\"https:\/\/ecosource-canada.ca\"> sous-plancher<\/a> 3*4 M est pr\u00eat \u00e0 \u00eatre install\u00e9, fourni sous forme de kit,\u00a0incluant:<\/h4>\n<ul>\n<li>Film de carbone complet.<\/li>\n<li>Une membrane de protection \u00e9tanche \u00e0 l&#8217;eau.<\/li>\n<li>C\u00e2bles de 2 m\u00e8tres d\u00e9j\u00e0 connect\u00e9s.<\/li>\n<\/ul>\n<p>Install\u00e9 sous le plancher et compl\u00e8tement cach\u00e9, le sous-plancher est con\u00e7u pour les secteurs o\u00f9 l&#8217;espace de mur valable est exig\u00e9 pour gagner de la place, o\u00f9 encore des dommages\u00a0au mur par des panneaux accroch\u00e9s pourraient se produire.<\/p>\n<p>Le <a href=\"https:\/\/ecosource-canada.ca\">sous-plancher<\/a> d&#8217;<a href=\"https:\/\/www.facebook.com\/ecosourcecanada\/\">Ecosource<\/a> est extr\u00eamement mince et durable. Contrairement \u00e0 d&#8217;autres produits de chauffage par le sol \u00e9lectriques, nos fibres de\u00a0carbone ne se cassent pas facilement pendant l&#8217;installation, sont scell\u00e9es dans leur propre barri\u00e8re \u00e9tanche \u00e0 l&#8217;humidit\u00e9, offre le meilleure de la nanotechnologie moderne.<\/p>\n<h4><strong>Ce syst\u00e8me de chauffage par le sol, remarquablement efficace, peut \u00eatre rapidement\u00a0install\u00e9 sous tous les types de planchers.<\/strong><\/h4>\n<p><strong>Installation :<\/strong><\/p>\n<ul>\n<li>Tapis.<\/li>\n<li>Bois d&#8217;ing\u00e9nierie 3\/4.<\/li>\n<li>Linol\u00e9um et vinyle.<\/li>\n<li>C\u00e9ramique.<\/li>\n<li>B\u00e9ton.<\/li>\n<\/ul>\n<p><strong>En plus, vous avez seulement besoin de couvrir 70% de la surface de plancher. <\/strong>Aussi, il r\u00e9duit les co\u00fbts au minimum. L&#8217;\u00e9l\u00e9ment infrarouge commence \u00e0 chauffer la pi\u00e8ce d\u00e8s que le syst\u00e8me est allum\u00e9.<\/p>\n<h4><strong>En conclusion, le sous-plancher chauffant doit \u00eatre contr\u00f4l\u00e9s par des thermostats et une sonde de sol.<\/strong><\/h4>\n","protected":false},"excerpt":{"rendered":"<p><strong>Carbon Underfloor Infrared Heating.<\/strong><\/p>\n<p>Infrared Underfloor Heating.\u00a0Ecosource radiant heating system costs 30-50%\u00a0less to operate than traditional heating methods, and is healthier for you and\u00a0your family.<\/p>\n<p>Easily installed under flooring, our infrared underfloor is completely\u00a0ductless, completely zone able and completely maintenance free.<\/p>\n<p>This infrared heating technology does not waste energy heating the air in a room,\u00a0but directly heats the objects in the room \u2013 including you.<\/p>\n<p>Ecosource\u00a0carbon heat\u00a0film is a cost effective, high quality heating solution for any structure.<\/p>\n<p><strong>** It is important to buy the &#8216;Floor Heating Thermostats&#8217; to avoid problems.<\/strong><\/p>\n","protected":false},"featured_media":835,"comment_status":"closed","ping_status":"closed","template":"","meta":{"_acf_changed":false},"acf":[],"_links":{"self":[{"href":"https:\/\/ecosource-canada.ca\/en\/wp-json\/wp\/v2\/product\/3821"}],"collection":[{"href":"https:\/\/ecosource-canada.ca\/en\/wp-json\/wp\/v2\/product"}],"about":[{"href":"https:\/\/ecosource-canada.ca\/en\/wp-json\/wp\/v2\/types\/product"}],"replies":[{"embeddable":true,"href":"https:\/\/ecosource-canada.ca\/en\/wp-json\/wp\/v2\/comments?post=3821"}],"wp:featuredmedia":[{"embeddable":true,"href":"https:\/\/ecosource-canada.ca\/en\/wp-json\/wp\/v2\/media\/835"}],"wp:attachment":[{"href":"https:\/\/ecosource-canada.ca\/en\/wp-json\/wp\/v2\/media?parent=3821"}],"curies":[{"name":"wp","href":"https:\/\/api.w.org\/{rel}","templated":true}]}}