{"id":5105,"date":"2018-08-10T21:43:01","date_gmt":"2018-08-10T20:43:01","guid":{"rendered":"http:\/\/ecosource-canada.ca\/?post_type=product&#038;p=5105"},"modified":"2018-08-30T04:46:51","modified_gmt":"2018-08-30T03:46:51","slug":"led-flat-high-bay-light-led-low-bay-light-led-tunnel-light-led-high-mast-light-for-indoor-outdoor-applications","status":"publish","type":"product","link":"https:\/\/ecosource-canada.ca\/en\/product\/led-flat-high-bay-light-led-low-bay-light-led-tunnel-light-led-high-mast-light-for-indoor-outdoor-applications\/","title":{"rendered":"LED Flat High Bay Light\/LED Low Bay Light\/LED Tunnel Light\/LED High Mast Light \/ for Indoor \u2013Outdoor applications"},"content":{"rendered":"<div class=\"page\" title=\"Page 1\">\n<div class=\"section\">\n<div class=\"layoutArea\">\n<div class=\"column\">\n<div class=\"page\" title=\"Page 1\">\n<div class=\"section\">\n<div class=\"layoutArea\">\n<div class=\"column\">\n<div class=\"page\" title=\"Page 1\">\n<div class=\"section\">\n<div class=\"layoutArea\">\n<div class=\"column\">\n<div id=\"gt-src-c\" class=\"g-unit\">\n<div id=\"gt-src-p\">\n<div id=\"gt-src-wrap\" class=\"\">\n<div id=\"gt-src-cc\">\n<div id=\"gt-src-cc-ctr\" class=\"cc-ctr gt-src-cc-normal\"><span title=\"Les appareils de la s\u00e9rie ''High Bays'' commercial haut de gamme sont normalement utilis\u00e9s pour l'\u00e9clairage des entrep\u00f4ts, l'\u00e9clairage des grands ateliers, l'\u00e9clairage des hangars et des entrep\u00f4ts, des tunnels tandis que la s\u00e9rie basse ou plate\">High-end Commercial High Bays are normally used for warehouse lighting, large shop lighting, warehouse and warehouse lighting, tunnel, and low or flat series.\u00a0<\/span><span title=\"sont utilis\u00e9s dans les cha\u00eenes de montage, des zones de fabrication... \">are used in assembly lines, manufacturing areas &#8230;<\/span><\/div>\n<\/div>\n<\/div>\n<\/div>\n<\/div>\n<div id=\"gt-res-c\" class=\"g-unit\">\n<div id=\"gt-res-p\">\n<div id=\"gt-res-data\">\n<div id=\"gt-res-wrap\">\n<div id=\"gt-res-content\">\n<div id=\"gt-res-dir-ctr\" class=\"trans-verified-button-small\" dir=\"ltr\"><span class=\"\" lang=\"en\"><span class=\"\" lang=\"en\"><span title=\"sont utilis\u00e9s dans les cha\u00eenes de montage, des zones de fabrication... \"><br \/>\n<\/span><span title=\"Avantage: \"><strong>Advantage:<\/strong><\/span><\/span><\/span><span class=\"\" lang=\"en\"><span class=\"\" lang=\"en\"><span title=\"le luminaire DEL ''High Bays'' de 250W remplace facilement les lampes ''Metal Halide'' de 1100W, sortie de lumens \u00e9gale, une dur\u00e9e de vie plus longue et pratiquement aucune diminution de la luminosit\u00e9. \">the 250W LED &#8221; High Bays &#8221; lamp easily replaces 1100W &#8216;Metal Halide&#8217; lamps, equal lumens output, longer service life and virtually no dimming.<\/span><\/span><\/span><\/p>\n<p><span class=\"\" lang=\"en\"><span class=\"\" lang=\"en\"><span title=\"Les luminaires de grande hauteur sont g\u00e9n\u00e9ralement utilis\u00e9s dans des espaces de 20 \u00e0 40 pieds de hauteur, ceux de la s\u00e9rie basse sont utilis\u00e9s pour des hauteurs de plafond inf\u00e9rieures \u00e0 20 pieds.\">High-bay luminaires are typically used in spaces 20 to 40 feet in height, those in the lower series are used for ceiling heights less than 20 feet.\u00a0<\/span><span title=\"Les projecteurs de la s\u00e9rie ''High Bays'' de m\u00e2t \u00e9lev\u00e9 sont g\u00e9n\u00e9ralement dot\u00e9s de r\u00e9flecteurs qui guident la lumi\u00e8re vers le bas, tandis que basses pr\u00e9sentent un profil bas, ce qui permet de diffuser la lumi\u00e8re sur le c\u00f4t\u00e9 pour \u00e9clairer de plus grandes\">High beam headlamps are generally equipped with reflectors that guide the light downwards, while low ones have a low profile, which allows the light to be diffused to the side to illuminate larger ones.<\/span><span title=\"surfaces.\">surfaces.\u00a0<\/span><span title=\"La s\u00e9rie ''High Bays'' haute puissance peut \u00eatre utilis\u00e9e pour \u00e9clairer des zones industrielles ou la hauteur est \u00e9lev\u00e9e tout en pr\u00e9sentant un profil bas. \">The high power &#8216;High Bays&#8217; series can be used to illuminate industrial areas where the height is high while having a low profile.<\/span><\/span><\/span><\/p>\n<p><span id=\"result_box\" class=\"\" lang=\"en\"><span title=\"Par rapport aux lampes ''Metal Halide'', notre s\u00e9rie de lumi\u00e8re ''High Bays'' haute et basse intensit\u00e9 aime votre portefeuille,des \u00e9conomies jusqu'\u00e0 4 \u00e0 5 fois moins dispendieux sont \u00e0 pr\u00e9voir. \">Compared to &#8216;Metal Halide&#8217; lamps, our &#8221; High Bays &#8221; high and low intensity light series like your wallet, saving up to 4 to 5 times less expensive.<\/span><\/span><\/p>\n<\/div>\n<\/div>\n<\/div>\n<\/div>\n<\/div>\n<\/div>\n<\/div>\n<\/div>\n<\/div>\n<\/div>\n<\/div>\n<\/div>\n<\/div>\n<\/div>\n<\/div>\n<\/div>\n<\/div>\n<\/div>\n","protected":false},"excerpt":{"rendered":"<div class=\"layoutArea\">\n<div class=\"column\">\n<p><strong>Avantages:<\/strong><\/p>\n<div class=\"page\" title=\"Page 1\">\n<div class=\"section\">\n<div class=\"layoutArea\">\n<div class=\"column\">\n<ul>\n<li><strong>Light Source:<\/strong>Philips SMD 3030<\/li>\n<li><strong>Power Factor<\/strong> &gt; 0.95<\/li>\n<li>B<strong>ase Options:<\/strong>US,Europe,UK,Australia plug<\/li>\n<li><strong>Color Temperature:<\/strong>\u00a0 3000K\/4000-4500K\/5000K\/5700K\/6500K<\/li>\n<li><strong>Beam Angle:<\/strong> 45\u00b0 \/ 90\u00b0 \/ 120\u00b0 \/ 160\u00b0<\/li>\n<li><strong>Lifetime:<\/strong> 50,000+ hours<\/li>\n<li>Aluminum fin heat sink+stainless steel<\/li>\n<li>ETL TUV SAA C-tick LCP RoHS<\/li>\n<li><strong>Warranty:<\/strong> 6 years<\/li>\n<\/ul>\n<div class=\"page\" title=\"Page 1\">\n<div class=\"section\">\n<div class=\"layoutArea\">\n<div class=\"column\">\n<p>*** 0-10V Dimmable $<\/p>\n<p>***347-480V versions $<\/p>\n<p>***Plug with1.5m wires $, plug with 2.0m wire $, plug with 3.0m wires $ (with waterproof connector)<\/p>\n<\/div>\n<\/div>\n<\/div>\n<\/div>\n<\/div>\n<\/div>\n<\/div>\n<\/div>\n<\/div>\n<\/div>\n","protected":false},"featured_media":5110,"comment_status":"closed","ping_status":"closed","template":"","meta":{"_acf_changed":false},"acf":[],"_links":{"self":[{"href":"https:\/\/ecosource-canada.ca\/en\/wp-json\/wp\/v2\/product\/5105"}],"collection":[{"href":"https:\/\/ecosource-canada.ca\/en\/wp-json\/wp\/v2\/product"}],"about":[{"href":"https:\/\/ecosource-canada.ca\/en\/wp-json\/wp\/v2\/types\/product"}],"replies":[{"embeddable":true,"href":"https:\/\/ecosource-canada.ca\/en\/wp-json\/wp\/v2\/comments?post=5105"}],"wp:featuredmedia":[{"embeddable":true,"href":"https:\/\/ecosource-canada.ca\/en\/wp-json\/wp\/v2\/media\/5110"}],"wp:attachment":[{"href":"https:\/\/ecosource-canada.ca\/en\/wp-json\/wp\/v2\/media?parent=5105"}],"curies":[{"name":"wp","href":"https:\/\/api.w.org\/{rel}","templated":true}]}}